{"id":28824,"date":"2026-04-16T12:36:40","date_gmt":"2026-04-16T15:36:40","guid":{"rendered":"https:\/\/resistenciasmdp.com\/?post_type=product&#038;p=28824"},"modified":"2026-04-16T14:00:36","modified_gmt":"2026-04-16T17:00:36","slug":"anafe-naval-modelo-cn-1250","status":"publish","type":"product","link":"https:\/\/resistenciasmdp.com\/en\/product\/anafe-naval-modelo-cn-1250\/","title":{"rendered":"Anafe Naval Modelo CN 1250"},"content":{"rendered":"<h3 data-start=\"583\" data-end=\"615\">Especificaciones T\u00e9cnicas<\/h3>\n<ul data-start=\"617\" data-end=\"1061\">\n<li data-start=\"617\" data-end=\"660\"><strong data-start=\"619\" data-end=\"635\">Dimensiones:<\/strong> 1250 x 750 mm (aprox.)<\/li>\n<li data-start=\"661\" data-end=\"725\"><strong data-start=\"663\" data-end=\"681\">Configuraci\u00f3n:<\/strong>\n<ul data-start=\"686\" data-end=\"725\">\n<li data-start=\"686\" data-end=\"698\">4 discos<\/li>\n<li data-start=\"701\" data-end=\"725\">o 2 discos + plancha<\/li>\n<\/ul>\n<\/li>\n<li data-start=\"726\" data-end=\"837\"><strong data-start=\"728\" data-end=\"739\">Placas:<\/strong>\n<ul data-start=\"744\" data-end=\"837\">\n<li data-start=\"744\" data-end=\"793\">Fundici\u00f3n con soporte y sistema de desgrasado<\/li>\n<li data-start=\"796\" data-end=\"837\">Tratamiento antiadherente con Teflon\u00ae<\/li>\n<\/ul>\n<\/li>\n<li data-start=\"838\" data-end=\"914\"><strong data-start=\"840\" data-end=\"857\">Construcci\u00f3n:<\/strong>\n<ul data-start=\"862\" data-end=\"914\">\n<li data-start=\"862\" data-end=\"914\">Interior y exterior en acero inoxidable AISI 304<\/li>\n<\/ul>\n<\/li>\n<li data-start=\"915\" data-end=\"1000\"><strong data-start=\"917\" data-end=\"930\">Estantes:<\/strong>\n<ul data-start=\"935\" data-end=\"1000\">\n<li data-start=\"935\" data-end=\"1000\">2 niveles con gu\u00edas de \u00e1ngulos y rejillas en acero inoxidable<\/li>\n<\/ul>\n<\/li>\n<li data-start=\"1001\" data-end=\"1061\"><strong data-start=\"1003\" data-end=\"1012\">Base:<\/strong>\n<ul data-start=\"1017\" data-end=\"1061\">\n<li data-start=\"1017\" data-end=\"1061\">Placas refractarias en la parte inferior<\/li>\n<\/ul>\n<\/li>\n<\/ul>\n<hr data-start=\"1063\" data-end=\"1066\" \/>\n<h3 data-start=\"1068\" data-end=\"1099\">\ud83d\udd0c Sistema de Calentamiento<\/h3>\n<ul data-start=\"1101\" data-end=\"1223\">\n<li data-start=\"1101\" data-end=\"1168\"><strong data-start=\"1103\" data-end=\"1120\">Resistencias:<\/strong>\n<ul data-start=\"1125\" data-end=\"1168\">\n<li data-start=\"1125\" data-end=\"1168\">Blindadas tubulares en acero inoxidable<\/li>\n<\/ul>\n<\/li>\n<li data-start=\"1169\" data-end=\"1223\"><strong data-start=\"1171\" data-end=\"1184\">Cableado:<\/strong>\n<ul data-start=\"1189\" data-end=\"1223\">\n<li data-start=\"1189\" data-end=\"1223\">Alta temperatura (N\u00edquel 4 mm)<\/li>\n<\/ul>\n<\/li>\n<\/ul>\n<hr data-start=\"1225\" data-end=\"1228\" \/>\n<h3 data-start=\"1230\" data-end=\"1260\">\ud83d\udee0\ufe0f Dise\u00f1o y Funcionalidad<\/h3>\n<ul data-start=\"1262\" data-end=\"1474\">\n<li data-start=\"1262\" data-end=\"1305\">Estructura reforzada para uso intensivo<\/li>\n<li data-start=\"1306\" data-end=\"1341\">Distribuci\u00f3n uniforme del calor<\/li>\n<li data-start=\"1342\" data-end=\"1398\">Sistema optimizado para f\u00e1cil acceso y mantenimiento<\/li>\n<li data-start=\"1399\" data-end=\"1474\">Dise\u00f1o modular que permite su ingreso por puertas y escaleras del barco<\/li>\n<\/ul>\n<hr data-start=\"1476\" data-end=\"1479\" \/>\n<h3 data-start=\"1481\" data-end=\"1498\">\ud83d\ude80 Beneficios<\/h3>\n<ul data-start=\"1500\" data-end=\"1702\">\n<li data-start=\"1500\" data-end=\"1545\">Alto rendimiento en condiciones exigentes<\/li>\n<li data-start=\"1546\" data-end=\"1595\">Gran durabilidad y resistencia a la corrosi\u00f3n<\/li>\n<li data-start=\"1596\" data-end=\"1628\">Operaci\u00f3n segura y eficiente<\/li>\n<li data-start=\"1629\" data-end=\"1663\">F\u00e1cil limpieza y mantenimiento<\/li>\n<li data-start=\"1664\" data-end=\"1702\">Adaptado a entornos navales reales<\/li>\n<\/ul>\n<hr data-start=\"1704\" data-end=\"1707\" \/>\n<h3 data-start=\"1709\" data-end=\"1728\">\ud83e\uddf2 Aplicaciones<\/h3>\n<ul data-start=\"1730\" data-end=\"1826\">\n<li data-start=\"1730\" data-end=\"1749\">Cocinas navales<\/li>\n<li data-start=\"1750\" data-end=\"1770\">Buques pesqueros<\/li>\n<li data-start=\"1771\" data-end=\"1799\">Embarcaciones de trabajo<\/li>\n<li data-start=\"1800\" data-end=\"1826\">Gastronom\u00eda industrial<\/li>\n<\/ul>","protected":false},"excerpt":{"rendered":"<p data-start=\"198\" data-end=\"377\">El Anafe El\u00e9ctrico Naval CN 1250 est\u00e1 dise\u00f1ado para operar en entornos exigentes, ofreciendo <strong data-start=\"291\" data-end=\"376\">alto rendimiento t\u00e9rmico, durabilidad estructural y confiabilidad en uso continuo<\/strong>.<\/p>\n<p data-start=\"379\" data-end=\"576\">Su construcci\u00f3n \u00edntegramente en acero inoxidable AISI 304 y su sistema de calentamiento eficiente lo convierten en una soluci\u00f3n ideal para cocinas navales y aplicaciones gastron\u00f3micas industriales.<\/p>","protected":false},"featured_media":28825,"comment_status":"open","ping_status":"closed","template":"","meta":[],"product_brand":[],"product_cat":[508,513,430],"product_tag":[355,509],"class_list":{"0":"post-28824","1":"product","2":"type-product","3":"status-publish","4":"has-post-thumbnail","6":"product_cat-anafes","7":"product_cat-anafes-navales","8":"product_cat-equipos-gastronomicos-y-repuestos-navales","9":"product_tag-anafe","10":"product_tag-anafe-naval-1250","12":"first","13":"instock","14":"sale","15":"taxable","16":"shipping-taxable","17":"purchasable","18":"product-type-simple"},"jetpack_sharing_enabled":true,"_links":{"self":[{"href":"https:\/\/resistenciasmdp.com\/en\/wp-json\/wp\/v2\/product\/28824","targetHints":{"allow":["GET"]}}],"collection":[{"href":"https:\/\/resistenciasmdp.com\/en\/wp-json\/wp\/v2\/product"}],"about":[{"href":"https:\/\/resistenciasmdp.com\/en\/wp-json\/wp\/v2\/types\/product"}],"replies":[{"embeddable":true,"href":"https:\/\/resistenciasmdp.com\/en\/wp-json\/wp\/v2\/comments?post=28824"}],"version-history":[{"count":1,"href":"https:\/\/resistenciasmdp.com\/en\/wp-json\/wp\/v2\/product\/28824\/revisions"}],"predecessor-version":[{"id":28829,"href":"https:\/\/resistenciasmdp.com\/en\/wp-json\/wp\/v2\/product\/28824\/revisions\/28829"}],"wp:featuredmedia":[{"embeddable":true,"href":"https:\/\/resistenciasmdp.com\/en\/wp-json\/wp\/v2\/media\/28825"}],"wp:attachment":[{"href":"https:\/\/resistenciasmdp.com\/en\/wp-json\/wp\/v2\/media?parent=28824"}],"wp:term":[{"taxonomy":"product_brand","embeddable":true,"href":"https:\/\/resistenciasmdp.com\/en\/wp-json\/wp\/v2\/product_brand?post=28824"},{"taxonomy":"product_cat","embeddable":true,"href":"https:\/\/resistenciasmdp.com\/en\/wp-json\/wp\/v2\/product_cat?post=28824"},{"taxonomy":"product_tag","embeddable":true,"href":"https:\/\/resistenciasmdp.com\/en\/wp-json\/wp\/v2\/product_tag?post=28824"}],"curies":[{"name":"wp","href":"https:\/\/api.w.org\/{rel}","templated":true}]}}