{"id":28814,"date":"2026-04-16T12:09:31","date_gmt":"2026-04-16T15:09:31","guid":{"rendered":"https:\/\/resistenciasmdp.com\/?post_type=product&#038;p=28814"},"modified":"2026-04-16T13:56:56","modified_gmt":"2026-04-16T16:56:56","slug":"repuesto-disco-de-fundicion-gris-o260-mm-completo","status":"publish","type":"product","link":"https:\/\/resistenciasmdp.com\/en\/product\/repuesto-disco-de-fundicion-gris-o260-mm-completo\/","title":{"rendered":"Repuesto Disco de Fundici\u00f3n Gris \u00d8260 mm (Completo)"},"content":{"rendered":"<h3 data-start=\"611\" data-end=\"643\">\u2699\ufe0f Especificaciones T\u00e9cnicas<\/h3>\n<ul data-start=\"645\" data-end=\"1060\">\n<li data-start=\"645\" data-end=\"670\"><strong data-start=\"647\" data-end=\"660\">Di\u00e1metro:<\/strong> \u00d8260 mm<\/li>\n<li data-start=\"671\" data-end=\"724\"><strong data-start=\"673\" data-end=\"696\">Material del disco:<\/strong> Fundici\u00f3n gris mecanizada<\/li>\n<li data-start=\"725\" data-end=\"773\"><strong data-start=\"727\" data-end=\"736\">Base:<\/strong> Hierro fundido de 30 mm de espesor<\/li>\n<li data-start=\"774\" data-end=\"925\"><strong data-start=\"776\" data-end=\"805\">Sistema de calentamiento:<\/strong>\n<ul data-start=\"810\" data-end=\"925\">\n<li data-start=\"810\" data-end=\"856\">Resistencia en espiral de acero inoxidable<\/li>\n<li data-start=\"859\" data-end=\"925\">Sistema de resistencias blindadas en acero inoxidable AISI 304<\/li>\n<\/ul>\n<\/li>\n<li data-start=\"926\" data-end=\"975\"><strong data-start=\"928\" data-end=\"941\">Conexi\u00f3n:<\/strong>\n<ul data-start=\"946\" data-end=\"975\">\n<li data-start=\"946\" data-end=\"975\">Niples de bronce torneado<\/li>\n<\/ul>\n<\/li>\n<li data-start=\"976\" data-end=\"1060\"><strong data-start=\"978\" data-end=\"991\">Cableado:<\/strong>\n<ul data-start=\"996\" data-end=\"1060\">\n<li data-start=\"996\" data-end=\"1060\">1 x 4 mm con aislaci\u00f3n de fibra de vidrio (alta temperatura)<\/li>\n<\/ul>\n<\/li>\n<\/ul>\n<hr data-start=\"1062\" data-end=\"1065\" \/>\n<h3 data-start=\"1067\" data-end=\"1098\">\ud83d\udee0\ufe0f Componentes del Sistema<\/h3>\n<ul data-start=\"1100\" data-end=\"1437\">\n<li data-start=\"1100\" data-end=\"1178\"><strong data-start=\"1102\" data-end=\"1135\">Tapa de acero \/ hierro negro:<\/strong><br data-start=\"1135\" data-end=\"1138\" \/>Protege y a\u00edsla el sistema resistivo<\/li>\n<li data-start=\"1179\" data-end=\"1265\"><strong data-start=\"1181\" data-end=\"1210\">Cruz de soporte de acero:<\/strong><br data-start=\"1210\" data-end=\"1213\" \/>Estructura interna que estabiliza la resistencia<\/li>\n<li data-start=\"1266\" data-end=\"1349\"><strong data-start=\"1268\" data-end=\"1295\">Resistencia en espiral:<\/strong><br data-start=\"1295\" data-end=\"1298\" \/>Dise\u00f1ada para una r\u00e1pida transferencia de calor<\/li>\n<li data-start=\"1350\" data-end=\"1437\"><strong data-start=\"1352\" data-end=\"1374\">Base de fundici\u00f3n:<\/strong><br data-start=\"1374\" data-end=\"1377\" \/>Alta inercia t\u00e9rmica para mantener temperatura constante<\/li>\n<\/ul>\n<hr data-start=\"1439\" data-end=\"1442\" \/>\n<h3 data-start=\"1444\" data-end=\"1461\">\ud83d\ude80 Beneficios<\/h3>\n<ul data-start=\"1463\" data-end=\"1645\">\n<li data-start=\"1463\" data-end=\"1496\">Distribuci\u00f3n t\u00e9rmica uniforme<\/li>\n<li data-start=\"1497\" data-end=\"1539\">Alta capacidad de acumulaci\u00f3n de calor<\/li>\n<li data-start=\"1540\" data-end=\"1579\">Gran resistencia mec\u00e1nica y t\u00e9rmica<\/li>\n<li data-start=\"1580\" data-end=\"1607\">Ideal para uso continuo<\/li>\n<li data-start=\"1608\" data-end=\"1645\">F\u00e1cil instalaci\u00f3n y mantenimiento<\/li>\n<\/ul>\n<hr data-start=\"1647\" data-end=\"1650\" \/>\n<h3 data-start=\"1652\" data-end=\"1671\">\ud83e\uddf2 Aplicaciones<\/h3>\n<ul data-start=\"1673\" data-end=\"1786\">\n<li data-start=\"1673\" data-end=\"1703\">Cocinas el\u00e9ctricas navales<\/li>\n<li data-start=\"1704\" data-end=\"1742\">Equipos gastron\u00f3micos industriales<\/li>\n<li data-start=\"1743\" data-end=\"1786\">Sistemas de cocci\u00f3n de alto rendimiento<\/li>\n<\/ul>","protected":false},"excerpt":{"rendered":"<p data-start=\"176\" data-end=\"251\"><strong data-start=\"176\" data-end=\"251\">Alto rendimiento t\u00e9rmico para cocinas el\u00e9ctricas navales e industriales<\/strong><\/p>\n<p data-start=\"253\" data-end=\"425\">Conjunto completo de disco de cocci\u00f3n \u00d8260 mm, dise\u00f1ado para ofrecer <strong data-start=\"322\" data-end=\"391\">m\u00e1xima eficiencia t\u00e9rmica, robustez estructural y larga vida \u00fatil<\/strong> en aplicaciones de uso intensivo.<\/p>\n<p data-start=\"427\" data-end=\"604\">Fabricado con materiales de primera calidad y mecanizado con precisi\u00f3n, garantiza una <strong data-start=\"513\" data-end=\"603\">distribuci\u00f3n uniforme del calor y un funcionamiento confiable en condiciones exigentes<\/strong>.<\/p>","protected":false},"featured_media":28789,"comment_status":"open","ping_status":"closed","template":"","meta":[],"product_brand":[],"product_cat":[430,433,512],"product_tag":[499,506,511,498,365],"class_list":{"0":"post-28814","1":"product","2":"type-product","3":"status-publish","4":"has-post-thumbnail","6":"product_cat-equipos-gastronomicos-y-repuestos-navales","7":"product_cat-resistencias-electricas","8":"product_cat-respuestos-navales","9":"product_tag-260mm","10":"product_tag-disco-de-anafe-de-cocina-completo","11":"product_tag-repuesto","12":"product_tag-repuesto-de-disco","13":"product_tag-resistencias-blindadas","15":"first","16":"instock","17":"taxable","18":"shipping-taxable","19":"product-type-simple"},"jetpack_sharing_enabled":true,"_links":{"self":[{"href":"https:\/\/resistenciasmdp.com\/en\/wp-json\/wp\/v2\/product\/28814","targetHints":{"allow":["GET"]}}],"collection":[{"href":"https:\/\/resistenciasmdp.com\/en\/wp-json\/wp\/v2\/product"}],"about":[{"href":"https:\/\/resistenciasmdp.com\/en\/wp-json\/wp\/v2\/types\/product"}],"replies":[{"embeddable":true,"href":"https:\/\/resistenciasmdp.com\/en\/wp-json\/wp\/v2\/comments?post=28814"}],"version-history":[{"count":1,"href":"https:\/\/resistenciasmdp.com\/en\/wp-json\/wp\/v2\/product\/28814\/revisions"}],"predecessor-version":[{"id":28815,"href":"https:\/\/resistenciasmdp.com\/en\/wp-json\/wp\/v2\/product\/28814\/revisions\/28815"}],"wp:featuredmedia":[{"embeddable":true,"href":"https:\/\/resistenciasmdp.com\/en\/wp-json\/wp\/v2\/media\/28789"}],"wp:attachment":[{"href":"https:\/\/resistenciasmdp.com\/en\/wp-json\/wp\/v2\/media?parent=28814"}],"wp:term":[{"taxonomy":"product_brand","embeddable":true,"href":"https:\/\/resistenciasmdp.com\/en\/wp-json\/wp\/v2\/product_brand?post=28814"},{"taxonomy":"product_cat","embeddable":true,"href":"https:\/\/resistenciasmdp.com\/en\/wp-json\/wp\/v2\/product_cat?post=28814"},{"taxonomy":"product_tag","embeddable":true,"href":"https:\/\/resistenciasmdp.com\/en\/wp-json\/wp\/v2\/product_tag?post=28814"}],"curies":[{"name":"wp","href":"https:\/\/api.w.org\/{rel}","templated":true}]}}