{"id":28811,"date":"2026-04-16T11:56:41","date_gmt":"2026-04-16T14:56:41","guid":{"rendered":"https:\/\/resistenciasmdp.com\/?post_type=product&#038;p=28811"},"modified":"2026-04-16T13:57:04","modified_gmt":"2026-04-16T16:57:04","slug":"repuesto-de-plancha-espanola-300-x-400-mm-220v-380v-440v","status":"publish","type":"product","link":"https:\/\/resistenciasmdp.com\/en\/product\/repuesto-de-plancha-espanola-300-x-400-mm-220v-380v-440v\/","title":{"rendered":"Repuesto de Plancha Espa\u00f1ola 300 x 400 mm \u2013 220V 380V 440V"},"content":{"rendered":"<p><strong>Especificaciones T\u00e9cnicas<\/strong><\/p>\n<ul>\n<li data-start=\"959\" data-end=\"1052\"><strong data-start=\"961\" data-end=\"983\">Sistema resistivo:<\/strong>\n<ul data-start=\"988\" data-end=\"1052\">\n<li data-start=\"988\" data-end=\"1052\">N\u00facleo calefactor con aislamiento mediante cuentas cer\u00e1micas<\/li>\n<\/ul>\n<\/li>\n<li data-start=\"1053\" data-end=\"1118\"><strong data-start=\"1055\" data-end=\"1068\">Material:<\/strong>\n<ul data-start=\"1073\" data-end=\"1118\">\n<li data-start=\"1073\" data-end=\"1118\">Componentes aptos para altas temperaturas<\/li>\n<\/ul>\n<\/li>\n<li data-start=\"1119\" data-end=\"1169\"><strong data-start=\"1121\" data-end=\"1134\">Conexi\u00f3n: <\/strong>Bornera<\/li>\n<\/ul>","protected":false},"excerpt":{"rendered":"<p data-start=\"152\" data-end=\"216\"><strong data-start=\"152\" data-end=\"216\">Pedir cotizacion por WhatsApp<\/strong><\/p>\n<p data-start=\"329\" data-end=\"396\"><strong data-start=\"329\" data-end=\"396\">Resistencia con sistema de cuentas cer\u00e1micas para uso intensivo<\/strong><\/p>\n<p data-start=\"398\" data-end=\"663\">Repuesto dise\u00f1ado para planchas espa\u00f1olas de cocci\u00f3n, equipado con un sistema de resistencia construido mediante <strong data-start=\"511\" data-end=\"542\">cuentas cer\u00e1micas aislantes<\/strong>, lo que permite una <strong data-start=\"563\" data-end=\"662\">\u00f3ptima distribuci\u00f3n t\u00e9rmica y excelente comportamiento en altas temperaturas<\/strong>.<\/p>\n<p data-start=\"665\" data-end=\"854\">Este tipo de construcci\u00f3n es caracter\u00edstico de las resistencias utilizadas en equipos gastron\u00f3micos tradicionales y navales.<\/p>","protected":false},"featured_media":28808,"comment_status":"open","ping_status":"closed","template":"","meta":[],"product_brand":[],"product_cat":[430,433,512],"product_tag":[505,511,502,504,503],"class_list":{"0":"post-28811","1":"product","2":"type-product","3":"status-publish","4":"has-post-thumbnail","6":"product_cat-equipos-gastronomicos-y-repuestos-navales","7":"product_cat-resistencias-electricas","8":"product_cat-respuestos-navales","9":"product_tag-cuentas","10":"product_tag-repuesto","11":"product_tag-resistencia-de-cuentas","12":"product_tag-resistencia-de-plancha-espanolas","13":"product_tag-resistencias-espanolas","15":"first","16":"instock","17":"taxable","18":"shipping-taxable","19":"product-type-simple"},"jetpack_sharing_enabled":true,"_links":{"self":[{"href":"https:\/\/resistenciasmdp.com\/en\/wp-json\/wp\/v2\/product\/28811","targetHints":{"allow":["GET"]}}],"collection":[{"href":"https:\/\/resistenciasmdp.com\/en\/wp-json\/wp\/v2\/product"}],"about":[{"href":"https:\/\/resistenciasmdp.com\/en\/wp-json\/wp\/v2\/types\/product"}],"replies":[{"embeddable":true,"href":"https:\/\/resistenciasmdp.com\/en\/wp-json\/wp\/v2\/comments?post=28811"}],"version-history":[{"count":1,"href":"https:\/\/resistenciasmdp.com\/en\/wp-json\/wp\/v2\/product\/28811\/revisions"}],"predecessor-version":[{"id":28812,"href":"https:\/\/resistenciasmdp.com\/en\/wp-json\/wp\/v2\/product\/28811\/revisions\/28812"}],"wp:featuredmedia":[{"embeddable":true,"href":"https:\/\/resistenciasmdp.com\/en\/wp-json\/wp\/v2\/media\/28808"}],"wp:attachment":[{"href":"https:\/\/resistenciasmdp.com\/en\/wp-json\/wp\/v2\/media?parent=28811"}],"wp:term":[{"taxonomy":"product_brand","embeddable":true,"href":"https:\/\/resistenciasmdp.com\/en\/wp-json\/wp\/v2\/product_brand?post=28811"},{"taxonomy":"product_cat","embeddable":true,"href":"https:\/\/resistenciasmdp.com\/en\/wp-json\/wp\/v2\/product_cat?post=28811"},{"taxonomy":"product_tag","embeddable":true,"href":"https:\/\/resistenciasmdp.com\/en\/wp-json\/wp\/v2\/product_tag?post=28811"}],"curies":[{"name":"wp","href":"https:\/\/api.w.org\/{rel}","templated":true}]}}