{"id":28806,"date":"2026-04-16T11:26:24","date_gmt":"2026-04-16T14:26:24","guid":{"rendered":"https:\/\/resistenciasmdp.com\/?post_type=product&#038;p=28806"},"modified":"2026-04-16T13:57:39","modified_gmt":"2026-04-16T16:57:39","slug":"repuesto-de-plancha-300-x-500-mm-220v-380v-440v","status":"publish","type":"product","link":"https:\/\/resistenciasmdp.com\/en\/product\/repuesto-de-plancha-300-x-500-mm-220v-380v-440v\/","title":{"rendered":"Repuesto de Plancha 300 x 500 mm \u2013 220V \/ 380V \/ 440V"},"content":{"rendered":"<h3 data-start=\"574\" data-end=\"606\">Especificaciones T\u00e9cnicas<\/h3>\n<ul data-start=\"608\" data-end=\"886\">\n<li data-start=\"608\" data-end=\"637\"><strong data-start=\"610\" data-end=\"622\">Medidas:<\/strong> 300 x 500 mm<\/li>\n<li data-start=\"638\" data-end=\"673\"><strong data-start=\"640\" data-end=\"652\">Tensi\u00f3n:<\/strong> 220V \/ 380V \/ 440V<\/li>\n<li data-start=\"674\" data-end=\"753\"><strong data-start=\"676\" data-end=\"700\">Elemento calefactor:<\/strong>\n<ul data-start=\"705\" data-end=\"753\">\n<li data-start=\"705\" data-end=\"753\">Ca\u00f1o de acero inoxidable AISI 304L \u00d811,11 mm<\/li>\n<\/ul>\n<\/li>\n<li data-start=\"754\" data-end=\"835\"><strong data-start=\"756\" data-end=\"785\">Sistema de calentamiento:<\/strong>\n<ul data-start=\"790\" data-end=\"835\">\n<li data-start=\"790\" data-end=\"835\">Resistencias blindadas de alta eficiencia<\/li>\n<\/ul>\n<\/li>\n<li data-start=\"836\" data-end=\"886\"><strong data-start=\"838\" data-end=\"851\">Conexi\u00f3n:<\/strong>\n<ul data-start=\"856\" data-end=\"886\">\n<li data-start=\"856\" data-end=\"886\">Terminal de bronce de 1\/4&#8243;<\/li>\n<\/ul>\n<\/li>\n<\/ul>\n<hr data-start=\"888\" data-end=\"891\" \/>\n<h3 data-start=\"893\" data-end=\"925\">\ud83d\udee0\ufe0f Construcci\u00f3n del Sistema<\/h3>\n<ul data-start=\"927\" data-end=\"1100\">\n<li data-start=\"927\" data-end=\"983\">Dise\u00f1o optimizado para planchas de cocci\u00f3n el\u00e9ctrica<\/li>\n<li data-start=\"984\" data-end=\"1031\">Materiales resistentes a altas temperaturas<\/li>\n<li data-start=\"1032\" data-end=\"1100\">Configuraci\u00f3n que asegura una <strong data-start=\"1064\" data-end=\"1098\">distribuci\u00f3n t\u00e9rmica homog\u00e9nea<\/strong><\/li>\n<\/ul>\n<hr data-start=\"1102\" data-end=\"1105\" \/>\n<h3 data-start=\"1107\" data-end=\"1124\">\ud83d\ude80 Beneficios<\/h3>\n<ul data-start=\"1126\" data-end=\"1313\">\n<li data-start=\"1126\" data-end=\"1163\">Alta durabilidad en uso intensivo<\/li>\n<li data-start=\"1164\" data-end=\"1200\">Excelente transferencia de calor<\/li>\n<li data-start=\"1201\" data-end=\"1229\">Respuesta t\u00e9rmica r\u00e1pida<\/li>\n<li data-start=\"1230\" data-end=\"1263\">F\u00e1cil instalaci\u00f3n y reemplazo<\/li>\n<li data-start=\"1264\" data-end=\"1313\">Compatible con equipos navales e industriales<\/li>\n<\/ul>\n<hr data-start=\"1315\" data-end=\"1318\" \/>\n<h3 data-start=\"1320\" data-end=\"1339\">\ud83e\uddf2 Aplicaciones<\/h3>\n<ul data-start=\"1341\" data-end=\"1436\">\n<li data-start=\"1341\" data-end=\"1378\">Planchas el\u00e9ctricas gastron\u00f3micas<\/li>\n<li data-start=\"1379\" data-end=\"1398\">Cocinas navales<\/li>\n<li data-start=\"1399\" data-end=\"1436\">Equipos de producci\u00f3n alimenticia<\/li>\n<\/ul>","protected":false},"excerpt":{"rendered":"<p data-start=\"152\" data-end=\"216\"><strong data-start=\"152\" data-end=\"216\">Pedir cotizacion por WhatsApp<\/strong><\/p>\n<p>Para equipos gastron\u00f3micos el\u00e9ctricos navales e industriales<\/p>\n<p data-start=\"218\" data-end=\"404\">Repuesto desarrollado para planchas de cocci\u00f3n de 300 x 500 mm, dise\u00f1ado para brindar <strong data-start=\"304\" data-end=\"370\">alta eficiencia t\u00e9rmica, r\u00e1pida respuesta y m\u00e1xima durabilidad<\/strong> en aplicaciones de uso intensivo.<\/p>\n<p data-start=\"406\" data-end=\"567\">Fabricado con materiales de primera calidad, garantiza una <strong data-start=\"465\" data-end=\"527\">distribuci\u00f3n uniforme del calor y un rendimiento confiable<\/strong> en todo tipo de condiciones operativas.<\/p>","protected":false},"featured_media":28797,"comment_status":"open","ping_status":"closed","template":"","meta":[],"product_brand":[],"product_cat":[430,433,512],"product_tag":[501,365],"class_list":{"0":"post-28806","1":"product","2":"type-product","3":"status-publish","4":"has-post-thumbnail","6":"product_cat-equipos-gastronomicos-y-repuestos-navales","7":"product_cat-resistencias-electricas","8":"product_cat-respuestos-navales","9":"product_tag-repuesto-de-plancha-300-x-300-mm","10":"product_tag-resistencias-blindadas","12":"first","13":"instock","14":"taxable","15":"shipping-taxable","16":"product-type-simple"},"jetpack_sharing_enabled":true,"_links":{"self":[{"href":"https:\/\/resistenciasmdp.com\/en\/wp-json\/wp\/v2\/product\/28806","targetHints":{"allow":["GET"]}}],"collection":[{"href":"https:\/\/resistenciasmdp.com\/en\/wp-json\/wp\/v2\/product"}],"about":[{"href":"https:\/\/resistenciasmdp.com\/en\/wp-json\/wp\/v2\/types\/product"}],"replies":[{"embeddable":true,"href":"https:\/\/resistenciasmdp.com\/en\/wp-json\/wp\/v2\/comments?post=28806"}],"version-history":[{"count":2,"href":"https:\/\/resistenciasmdp.com\/en\/wp-json\/wp\/v2\/product\/28806\/revisions"}],"predecessor-version":[{"id":28809,"href":"https:\/\/resistenciasmdp.com\/en\/wp-json\/wp\/v2\/product\/28806\/revisions\/28809"}],"wp:featuredmedia":[{"embeddable":true,"href":"https:\/\/resistenciasmdp.com\/en\/wp-json\/wp\/v2\/media\/28797"}],"wp:attachment":[{"href":"https:\/\/resistenciasmdp.com\/en\/wp-json\/wp\/v2\/media?parent=28806"}],"wp:term":[{"taxonomy":"product_brand","embeddable":true,"href":"https:\/\/resistenciasmdp.com\/en\/wp-json\/wp\/v2\/product_brand?post=28806"},{"taxonomy":"product_cat","embeddable":true,"href":"https:\/\/resistenciasmdp.com\/en\/wp-json\/wp\/v2\/product_cat?post=28806"},{"taxonomy":"product_tag","embeddable":true,"href":"https:\/\/resistenciasmdp.com\/en\/wp-json\/wp\/v2\/product_tag?post=28806"}],"curies":[{"name":"wp","href":"https:\/\/api.w.org\/{rel}","templated":true}]}}