{"id":28786,"date":"2026-04-16T10:11:46","date_gmt":"2026-04-16T13:11:46","guid":{"rendered":"https:\/\/resistenciasmdp.com\/?post_type=product&#038;p=28786"},"modified":"2026-04-16T13:58:15","modified_gmt":"2026-04-16T16:58:15","slug":"repuesto-de-disco-o220-mm-220v-380v-440v","status":"publish","type":"product","link":"https:\/\/resistenciasmdp.com\/en\/product\/repuesto-de-disco-o220-mm-220v-380v-440v\/","title":{"rendered":"Repuesto de Disco \u00d8220 mm \u2013 220V 380V 440V"},"content":{"rendered":"<h3 data-start=\"521\" data-end=\"553\">Especificaciones T\u00e9cnicas<\/h3>\n<ul data-start=\"555\" data-end=\"933\">\n<li data-start=\"555\" data-end=\"579\"><strong data-start=\"557\" data-end=\"570\">Di\u00e1metro:<\/strong> 220 mm<\/li>\n<li data-start=\"580\" data-end=\"602\"><strong data-start=\"582\" data-end=\"594\">Tensi\u00f3n:<\/strong> 220V 380V 440V<\/li>\n<li data-start=\"603\" data-end=\"682\"><strong data-start=\"605\" data-end=\"629\">Elemento calefactor:<\/strong>\n<ul data-start=\"634\" data-end=\"682\">\n<li data-start=\"634\" data-end=\"682\">Ca\u00f1o de acero inoxidable AISI 304L \u00d811,11 mm<\/li>\n<\/ul>\n<\/li>\n<li data-start=\"683\" data-end=\"765\"><strong data-start=\"685\" data-end=\"714\">Sistema de calentamiento:<\/strong>\n<ul data-start=\"719\" data-end=\"765\">\n<li data-start=\"719\" data-end=\"765\">Resistencias blindadas en acero inoxidable<\/li>\n<\/ul>\n<\/li>\n<li data-start=\"766\" data-end=\"848\"><strong data-start=\"768\" data-end=\"781\">Conexi\u00f3n:<\/strong>\n<ul data-start=\"786\" data-end=\"848\">\n<li data-start=\"786\" data-end=\"816\">Terminal de bronce de 1\/4&#8243;<\/li>\n<li data-start=\"819\" data-end=\"848\">Niples de bronce torneado<\/li>\n<\/ul>\n<\/li>\n<li data-start=\"849\" data-end=\"933\"><strong data-start=\"851\" data-end=\"864\">Cableado:<\/strong>\n<ul data-start=\"869\" data-end=\"933\">\n<li data-start=\"869\" data-end=\"933\">1 x 4 mm con aislaci\u00f3n de fibra de vidrio (alta temperatura)<\/li>\n<\/ul>\n<\/li>\n<\/ul>\n<hr data-start=\"935\" data-end=\"938\" \/>\n<h3 data-start=\"940\" data-end=\"972\">\ud83d\udee0\ufe0f Construcci\u00f3n del Sistema<\/h3>\n<ul data-start=\"974\" data-end=\"1180\">\n<li data-start=\"974\" data-end=\"1057\"><strong data-start=\"976\" data-end=\"1004\">Disco de fundici\u00f3n gris:<\/strong> mecanizado con precisi\u00f3n para un desempe\u00f1o estable<\/li>\n<li data-start=\"1058\" data-end=\"1113\"><strong data-start=\"1060\" data-end=\"1078\">Tapa superior:<\/strong> hierro negro de alta resistencia<\/li>\n<li data-start=\"1114\" data-end=\"1180\"><strong data-start=\"1116\" data-end=\"1150\">Distribuci\u00f3n t\u00e9rmica uniforme:<\/strong> ideal para cocci\u00f3n continua<\/li>\n<\/ul>\n<hr data-start=\"1182\" data-end=\"1185\" \/>\n<h3 data-start=\"1187\" data-end=\"1204\">\ud83d\ude80 Beneficios<\/h3>\n<ul data-start=\"1206\" data-end=\"1423\">\n<li data-start=\"1206\" data-end=\"1243\">Alta durabilidad en uso intensivo<\/li>\n<li data-start=\"1244\" data-end=\"1292\">Excelente transferencia y retenci\u00f3n de calor<\/li>\n<li data-start=\"1293\" data-end=\"1343\">Componentes preparados para altas temperaturas<\/li>\n<li data-start=\"1344\" data-end=\"1377\">F\u00e1cil instalaci\u00f3n y reemplazo<\/li>\n<li data-start=\"1378\" data-end=\"1423\">Repuesto original para cocinas el\u00e9ctricas<\/li>\n<\/ul>\n<hr data-start=\"1425\" data-end=\"1428\" \/>\n<h3 data-start=\"1430\" data-end=\"1449\">\ud83e\uddf2 Aplicaciones<\/h3>\n<ul data-start=\"1451\" data-end=\"1555\">\n<li data-start=\"1451\" data-end=\"1470\">Cocinas navales<\/li>\n<li data-start=\"1471\" data-end=\"1509\">Equipos gastron\u00f3micos industriales<\/li>\n<li data-start=\"1510\" data-end=\"1555\">Sistemas de cocci\u00f3n el\u00e9ctrica profesional<\/li>\n<\/ul>","protected":false},"excerpt":{"rendered":"<p data-start=\"148\" data-end=\"198\"><strong data-start=\"152\" data-end=\"216\">Pedir cotizacion por WhatsApp<\/strong><\/p>\n<p data-start=\"148\" data-end=\"198\"><strong data-start=\"148\" data-end=\"198\">Para cocinas el\u00e9ctricas navales e industriales<\/strong><\/p>\n<p data-start=\"200\" data-end=\"356\">Repuesto dise\u00f1ado para discos de cocci\u00f3n de \u00d8220 mm, desarrollado para garantizar <strong data-start=\"282\" data-end=\"355\">alta eficiencia t\u00e9rmica, durabilidad y confiabilidad en uso intensivo<\/strong>.<\/p>\n<p data-start=\"358\" data-end=\"514\">Fabricado con materiales de primera calidad, asegura una <strong data-start=\"415\" data-end=\"466\">\u00f3ptima transferencia de calor y larga vida \u00fatil<\/strong>, incluso en condiciones exigentes de operaci\u00f3n.<\/p>","protected":false},"featured_media":28787,"comment_status":"open","ping_status":"closed","template":"","meta":[],"product_brand":[],"product_cat":[430,433,512],"product_tag":[511,498,365],"class_list":{"0":"post-28786","1":"product","2":"type-product","3":"status-publish","4":"has-post-thumbnail","6":"product_cat-equipos-gastronomicos-y-repuestos-navales","7":"product_cat-resistencias-electricas","8":"product_cat-respuestos-navales","9":"product_tag-repuesto","10":"product_tag-repuesto-de-disco","11":"product_tag-resistencias-blindadas","13":"first","14":"instock","15":"taxable","16":"shipping-taxable","17":"product-type-simple"},"jetpack_sharing_enabled":true,"_links":{"self":[{"href":"https:\/\/resistenciasmdp.com\/en\/wp-json\/wp\/v2\/product\/28786","targetHints":{"allow":["GET"]}}],"collection":[{"href":"https:\/\/resistenciasmdp.com\/en\/wp-json\/wp\/v2\/product"}],"about":[{"href":"https:\/\/resistenciasmdp.com\/en\/wp-json\/wp\/v2\/types\/product"}],"replies":[{"embeddable":true,"href":"https:\/\/resistenciasmdp.com\/en\/wp-json\/wp\/v2\/comments?post=28786"}],"version-history":[{"count":3,"href":"https:\/\/resistenciasmdp.com\/en\/wp-json\/wp\/v2\/product\/28786\/revisions"}],"predecessor-version":[{"id":28803,"href":"https:\/\/resistenciasmdp.com\/en\/wp-json\/wp\/v2\/product\/28786\/revisions\/28803"}],"wp:featuredmedia":[{"embeddable":true,"href":"https:\/\/resistenciasmdp.com\/en\/wp-json\/wp\/v2\/media\/28787"}],"wp:attachment":[{"href":"https:\/\/resistenciasmdp.com\/en\/wp-json\/wp\/v2\/media?parent=28786"}],"wp:term":[{"taxonomy":"product_brand","embeddable":true,"href":"https:\/\/resistenciasmdp.com\/en\/wp-json\/wp\/v2\/product_brand?post=28786"},{"taxonomy":"product_cat","embeddable":true,"href":"https:\/\/resistenciasmdp.com\/en\/wp-json\/wp\/v2\/product_cat?post=28786"},{"taxonomy":"product_tag","embeddable":true,"href":"https:\/\/resistenciasmdp.com\/en\/wp-json\/wp\/v2\/product_tag?post=28786"}],"curies":[{"name":"wp","href":"https:\/\/api.w.org\/{rel}","templated":true}]}}