{"id":28780,"date":"2026-04-16T09:23:52","date_gmt":"2026-04-16T12:23:52","guid":{"rendered":"https:\/\/resistenciasmdp.com\/?post_type=product&#038;p=28780"},"modified":"2026-04-16T14:02:59","modified_gmt":"2026-04-16T17:02:59","slug":"parrilla-electrica-naval-1200","status":"publish","type":"product","link":"https:\/\/resistenciasmdp.com\/en\/product\/parrilla-electrica-naval-1200\/","title":{"rendered":"Parrilla El\u00e9ctrica Naval 1200"},"content":{"rendered":"<h3 data-start=\"658\" data-end=\"690\">Especificaciones T\u00e9cnicas<\/h3>\n<ul data-start=\"692\" data-end=\"1254\">\n<li data-start=\"692\" data-end=\"739\"><strong data-start=\"694\" data-end=\"711\">Construcci\u00f3n:<\/strong> Acero inoxidable AISI 304<\/li>\n<li data-start=\"740\" data-end=\"763\"><strong data-start=\"742\" data-end=\"754\">Espesor:<\/strong> 1,5 mm<\/li>\n<li data-start=\"764\" data-end=\"816\"><strong data-start=\"766\" data-end=\"789\">Sistema de cocci\u00f3n:<\/strong> Sobre conjunto resistivo<\/li>\n<li data-start=\"817\" data-end=\"913\"><strong data-start=\"819\" data-end=\"836\">Resistencias:<\/strong>\n<ul data-start=\"841\" data-end=\"913\">\n<li data-start=\"841\" data-end=\"913\">Doble sistema (inferior para cocci\u00f3n lenta \/ superior para grillado)<\/li>\n<\/ul>\n<\/li>\n<li data-start=\"914\" data-end=\"990\"><strong data-start=\"916\" data-end=\"942\">Superficie de cocci\u00f3n:<\/strong>\n<ul data-start=\"947\" data-end=\"990\">\n<li data-start=\"947\" data-end=\"990\">Tratamiento antiadherente con teflonado<\/li>\n<\/ul>\n<\/li>\n<li data-start=\"991\" data-end=\"1037\"><strong data-start=\"993\" data-end=\"1019\">Ventana de inspecci\u00f3n:<\/strong> Vidrio templado<\/li>\n<li data-start=\"1038\" data-end=\"1098\"><strong data-start=\"1040\" data-end=\"1064\">Iluminaci\u00f3n interna:<\/strong> Luz LED para control de cocci\u00f3n<\/li>\n<li data-start=\"1099\" data-end=\"1157\"><strong data-start=\"1101\" data-end=\"1113\">Control:<\/strong> Llaves independientes con luz testigo LED<\/li>\n<li data-start=\"1158\" data-end=\"1217\"><strong data-start=\"1160\" data-end=\"1183\">Bandeja de drenaje:<\/strong> Sistema de desgrase incorporado<\/li>\n<li data-start=\"1218\" data-end=\"1254\"><strong data-start=\"1220\" data-end=\"1242\">Tablero el\u00e9ctrico:<\/strong> Integrado<\/li>\n<\/ul>\n<hr data-start=\"1256\" data-end=\"1259\" \/>\n<h3 data-start=\"1261\" data-end=\"1291\">\ud83d\udee0\ufe0f Dise\u00f1o y Funcionalidad<\/h3>\n<ul data-start=\"1293\" data-end=\"1472\">\n<li data-start=\"1293\" data-end=\"1343\">Cocci\u00f3n uniforme sin necesidad de combustibles<\/li>\n<li data-start=\"1344\" data-end=\"1389\">Sistema cerrado que evita emisi\u00f3n de humo<\/li>\n<li data-start=\"1390\" data-end=\"1425\">No consume ox\u00edgeno del ambiente<\/li>\n<li data-start=\"1426\" data-end=\"1472\">F\u00e1cil acceso para limpieza y mantenimiento<\/li>\n<\/ul>\n<hr data-start=\"1474\" data-end=\"1477\" \/>\n<h3 data-start=\"1479\" data-end=\"1496\">\ud83d\ude80 Beneficios<\/h3>\n<ul data-start=\"1498\" data-end=\"1674\">\n<li data-start=\"1498\" data-end=\"1535\">Ideal para uso naval e industrial<\/li>\n<li data-start=\"1536\" data-end=\"1569\">Operaci\u00f3n segura y controlada<\/li>\n<li data-start=\"1570\" data-end=\"1602\">Alta durabilidad estructural<\/li>\n<li data-start=\"1603\" data-end=\"1637\">F\u00e1cil limpieza y mantenimiento<\/li>\n<li data-start=\"1638\" data-end=\"1674\">Producci\u00f3n constante y eficiente<\/li>\n<\/ul>\n<hr data-start=\"1676\" data-end=\"1679\" \/>\n<h3 data-start=\"1681\" data-end=\"1700\">\ud83e\uddf2 Aplicaciones<\/h3>\n<ul data-start=\"1702\" data-end=\"1802\">\n<li data-start=\"1702\" data-end=\"1721\">Cocinas navales<\/li>\n<li data-start=\"1722\" data-end=\"1749\">Gastronom\u00eda profesional<\/li>\n<li data-start=\"1750\" data-end=\"1802\">Espacios cerrados donde no se permite combusti\u00f3n\n<p data-start=\"766\" data-end=\"960\">La Parrilla El\u00e9ctrica Naval 1200 forma parte de una l\u00ednea desarrollada espec\u00edficamente para uso a bordo, incorporando soluciones t\u00e9cnicas que permiten operar en condiciones reales de navegaci\u00f3n.<\/p>\n<p data-start=\"962\" data-end=\"1010\">Cada equipo est\u00e1 preparado para desempe\u00f1arse en:<\/p>\n<ul data-start=\"1011\" data-end=\"1103\">\n<li data-start=\"1011\" data-end=\"1031\">Buques pesqueros<\/li>\n<li data-start=\"1032\" data-end=\"1060\">Embarcaciones de trabajo<\/li>\n<li data-start=\"1061\" data-end=\"1103\">Yates y aplicaciones de alta exigencia<\/li>\n<\/ul>\n<p data-start=\"1105\" data-end=\"1287\">Su dise\u00f1o robusto y su sistema el\u00e9ctrico optimizado garantizan <strong data-start=\"1168\" data-end=\"1239\">rendimiento continuo, seguridad operativa y resultados consistentes<\/strong>, independientemente de las condiciones del mar.<\/p>\n<\/li>\n<\/ul>","protected":false},"excerpt":{"rendered":"<h3 data-start=\"68\" data-end=\"97\">\u26a0\ufe0f Informaci\u00f3n Importante<\/h3>\n<p data-start=\"99\" data-end=\"232\">El precio publicado corresponde \u00fanicamente a la <strong data-start=\"147\" data-end=\"169\">parrilla el\u00e9ctrica<\/strong>.<br data-start=\"170\" data-end=\"173\" \/>La mesa o estructura de apoyo se comercializa por separado.<\/p>\n<p data-start=\"130\" data-end=\"187\"><strong data-start=\"130\" data-end=\"187\">Alto rendimiento sin humo \u2013 Dise\u00f1o para uso intensivo<\/strong><\/p>\n<p data-start=\"189\" data-end=\"476\">La Parrilla El\u00e9ctrica Naval 1200 est\u00e1 dise\u00f1ada para ofrecer una cocci\u00f3n eficiente, segura y controlada en entornos exigentes. Su sistema de cocci\u00f3n sobre conjunto resistivo permite lograr resultados homog\u00e9neos, con excelente respuesta t\u00e9rmica tanto para cocci\u00f3n lenta como para grillado.<\/p>\n<p data-start=\"478\" data-end=\"651\">Fabricada \u00edntegramente en acero inoxidable AISI 304, garantiza m\u00e1xima durabilidad, resistencia a la corrosi\u00f3n y f\u00e1cil mantenimiento, incluso en condiciones de uso intensivo.<\/p>","protected":false},"featured_media":28783,"comment_status":"open","ping_status":"closed","template":"","meta":[],"product_brand":[437],"product_cat":[430,436,515],"product_tag":[338,339],"class_list":{"0":"post-28780","1":"product","2":"type-product","3":"status-publish","4":"has-post-thumbnail","6":"product_brand-parriwatt","7":"product_cat-equipos-gastronomicos-y-repuestos-navales","8":"product_cat-parrillas-electricas-parriwatt","9":"product_cat-parrillas-navales","10":"product_tag-parrilla-electrica","11":"product_tag-parrilla-naval","13":"first","14":"instock","15":"sale","16":"taxable","17":"shipping-taxable","18":"purchasable","19":"product-type-simple"},"jetpack_sharing_enabled":true,"_links":{"self":[{"href":"https:\/\/resistenciasmdp.com\/en\/wp-json\/wp\/v2\/product\/28780","targetHints":{"allow":["GET"]}}],"collection":[{"href":"https:\/\/resistenciasmdp.com\/en\/wp-json\/wp\/v2\/product"}],"about":[{"href":"https:\/\/resistenciasmdp.com\/en\/wp-json\/wp\/v2\/types\/product"}],"replies":[{"embeddable":true,"href":"https:\/\/resistenciasmdp.com\/en\/wp-json\/wp\/v2\/comments?post=28780"}],"version-history":[{"count":2,"href":"https:\/\/resistenciasmdp.com\/en\/wp-json\/wp\/v2\/product\/28780\/revisions"}],"predecessor-version":[{"id":28785,"href":"https:\/\/resistenciasmdp.com\/en\/wp-json\/wp\/v2\/product\/28780\/revisions\/28785"}],"wp:featuredmedia":[{"embeddable":true,"href":"https:\/\/resistenciasmdp.com\/en\/wp-json\/wp\/v2\/media\/28783"}],"wp:attachment":[{"href":"https:\/\/resistenciasmdp.com\/en\/wp-json\/wp\/v2\/media?parent=28780"}],"wp:term":[{"taxonomy":"product_brand","embeddable":true,"href":"https:\/\/resistenciasmdp.com\/en\/wp-json\/wp\/v2\/product_brand?post=28780"},{"taxonomy":"product_cat","embeddable":true,"href":"https:\/\/resistenciasmdp.com\/en\/wp-json\/wp\/v2\/product_cat?post=28780"},{"taxonomy":"product_tag","embeddable":true,"href":"https:\/\/resistenciasmdp.com\/en\/wp-json\/wp\/v2\/product_tag?post=28780"}],"curies":[{"name":"wp","href":"https:\/\/api.w.org\/{rel}","templated":true}]}}