{"id":28754,"date":"2026-04-15T14:00:05","date_gmt":"2026-04-15T17:00:05","guid":{"rendered":"https:\/\/resistenciasmdp.com\/?post_type=product&#038;p=28754"},"modified":"2026-04-15T14:24:13","modified_gmt":"2026-04-15T17:24:13","slug":"cocina-naval-1250","status":"publish","type":"product","link":"https:\/\/resistenciasmdp.com\/en\/product\/cocina-naval-1250\/","title":{"rendered":"Cocina Naval 1250"},"content":{"rendered":"<p class=\"cvGsUA direction-ltr align-start para-style-body\"><span class=\"a_GcMg font-feature-liga-off font-feature-clig-off font-feature-calt-off text-decoration-none text-strikethrough-none\">Configuraciones disponibles<\/span><\/p>\n<p class=\"cvGsUA direction-ltr align-start para-style-body\"><span class=\"a_GcMg font-feature-liga-off font-feature-clig-off font-feature-calt-off text-decoration-none text-strikethrough-none\">\u2022 <\/span><span class=\"a_GcMg font-feature-liga-off font-feature-clig-off font-feature-calt-off text-decoration-none text-strikethrough-none\">4 discos + bifera + horno<\/span><\/p>\n<p class=\"cvGsUA direction-ltr align-start para-style-body\"><span class=\"a_GcMg font-feature-liga-off font-feature-clig-off font-feature-calt-off text-decoration-none text-strikethrough-none\">\u2022 4 discos + freidora + horno<\/span><\/p>\n<p class=\"cvGsUA direction-ltr align-start para-style-body\"><span class=\"a_GcMg font-feature-liga-off font-feature-clig-off font-feature-calt-off text-decoration-none text-strikethrough-none\">\u2022 2 discos + bifera + freidora + horno<\/span><\/p>\n<p class=\"cvGsUA direction-ltr align-center para-style-body\"><span class=\"a_GcMg font-feature-liga-off font-feature-clig-off font-feature-calt-off text-decoration-none text-strikethrough-none\">Potencia <\/span><span class=\"a_GcMg font-feature-liga-off font-feature-clig-off font-feature-calt-off text-decoration-none text-strikethrough-none\">15KW \/ 380v<\/span><\/p>\n<p class=\"cvGsUA direction-ltr align-start para-style-body\"><span class=\"a_GcMg font-feature-liga-off font-feature-clig-off font-feature-calt-off text-decoration-none text-strikethrough-none\">Construcci\u00f3n<\/span><\/p>\n<p class=\"cvGsUA direction-ltr align-start para-style-body\"><span class=\"a_GcMg font-feature-liga-off font-feature-clig-off font-feature-calt-off text-decoration-none text-strikethrough-none\">Acero inoxidable AISI 304.<\/span><\/p>\n<p class=\"cvGsUA direction-ltr align-start para-style-body\"><span class=\"a_GcMg font-feature-liga-off font-feature-clig-off font-feature-calt-off text-decoration-none text-strikethrough-none\">Horno con placas refractarias y doble estante.<\/span><\/p>\n<p class=\"cvGsUA direction-ltr align-start para-style-body\"><span class=\"a_GcMg font-feature-liga-off font-feature-clig-off font-feature-calt-off text-decoration-none text-strikethrough-none\">Aislaci\u00f3n en manta cer\u00e1mica de alta densidad.<\/span><\/p>\n<p class=\"cvGsUA direction-ltr align-start para-style-body\"><span class=\"a_GcMg font-feature-liga-off font-feature-clig-off font-feature-calt-off text-decoration-none text-strikethrough-none\">Sistema de calentamiento<\/span><\/p>\n<p class=\"cvGsUA direction-ltr align-start para-style-body\"><span class=\"a_GcMg font-feature-liga-off font-feature-clig-off font-feature-calt-off text-decoration-none text-strikethrough-none\">Resistencias blindadas en acero inoxidable.<\/span><\/p>\n<p class=\"cvGsUA direction-ltr align-start para-style-body\"><span class=\"a_GcMg font-feature-liga-off font-feature-clig-off font-feature-calt-off text-decoration-none text-strikethrough-none\">Cableado de alta temperatura (n\u00edquel).<\/span><\/p>","protected":false},"excerpt":{"rendered":"<p><span class=\"a_GcMg font-feature-liga-off font-feature-clig-off font-feature-calt-off text-decoration-none text-strikethrough-none\">Cocina el\u00e9ctrica dise\u00f1ada para entornos mar\u00edtimos exigentes, con estructura robusta en acero inoxidable y alto rendimiento t\u00e9rmico para operaci\u00f3n continua a bordo.<\/span><\/p>\n<p class=\"cvGsUA direction-ltr align-start para-style-body\"><strong><span class=\"a_GcMg font-feature-liga-off font-feature-clig-off font-feature-calt-off text-decoration-none text-strikethrough-none\">Dise\u00f1o modular:\u00a0<\/span><span class=\"a_GcMg font-feature-liga-off font-feature-clig-off font-feature-calt-off text-decoration-none text-strikethrough-none\">Sistema desmontable que facilita el ingreso e instalaci\u00f3n en espacios reducidos de embarcaciones.<\/span><\/strong><\/p>","protected":false},"featured_media":28756,"comment_status":"open","ping_status":"closed","template":"","meta":[],"product_brand":[],"product_cat":[430],"product_tag":[494,493],"class_list":{"0":"post-28754","1":"product","2":"type-product","3":"status-publish","4":"has-post-thumbnail","6":"product_cat-equipos-gastronomicos-y-repuestos-navales","7":"product_tag-cocina-de-barco","8":"product_tag-cocina-naval-750","10":"first","11":"instock","12":"taxable","13":"shipping-taxable","14":"purchasable","15":"product-type-simple"},"jetpack_sharing_enabled":true,"_links":{"self":[{"href":"https:\/\/resistenciasmdp.com\/en\/wp-json\/wp\/v2\/product\/28754","targetHints":{"allow":["GET"]}}],"collection":[{"href":"https:\/\/resistenciasmdp.com\/en\/wp-json\/wp\/v2\/product"}],"about":[{"href":"https:\/\/resistenciasmdp.com\/en\/wp-json\/wp\/v2\/types\/product"}],"replies":[{"embeddable":true,"href":"https:\/\/resistenciasmdp.com\/en\/wp-json\/wp\/v2\/comments?post=28754"}],"version-history":[{"count":2,"href":"https:\/\/resistenciasmdp.com\/en\/wp-json\/wp\/v2\/product\/28754\/revisions"}],"predecessor-version":[{"id":28766,"href":"https:\/\/resistenciasmdp.com\/en\/wp-json\/wp\/v2\/product\/28754\/revisions\/28766"}],"wp:featuredmedia":[{"embeddable":true,"href":"https:\/\/resistenciasmdp.com\/en\/wp-json\/wp\/v2\/media\/28756"}],"wp:attachment":[{"href":"https:\/\/resistenciasmdp.com\/en\/wp-json\/wp\/v2\/media?parent=28754"}],"wp:term":[{"taxonomy":"product_brand","embeddable":true,"href":"https:\/\/resistenciasmdp.com\/en\/wp-json\/wp\/v2\/product_brand?post=28754"},{"taxonomy":"product_cat","embeddable":true,"href":"https:\/\/resistenciasmdp.com\/en\/wp-json\/wp\/v2\/product_cat?post=28754"},{"taxonomy":"product_tag","embeddable":true,"href":"https:\/\/resistenciasmdp.com\/en\/wp-json\/wp\/v2\/product_tag?post=28754"}],"curies":[{"name":"wp","href":"https:\/\/api.w.org\/{rel}","templated":true}]}}