{"id":28606,"date":"2026-04-07T11:57:29","date_gmt":"2026-04-07T14:57:29","guid":{"rendered":"https:\/\/resistenciasmdp.com\/?post_type=product&#038;p=28606"},"modified":"2026-04-14T12:42:58","modified_gmt":"2026-04-14T15:42:58","slug":"transformador-de-puerta-de-camara-9-metros","status":"publish","type":"product","link":"https:\/\/resistenciasmdp.com\/en\/product\/transformador-de-puerta-de-camara-9-metros\/","title":{"rendered":"Transformador de Puerta de C\u00e1mara 9 Metros"},"content":{"rendered":"<p data-start=\"367\" data-end=\"750\">Los\u00a0<strong data-start=\"371\" data-end=\"410\">Transformadores de Puerta de C\u00e1mara<\/strong>\u00a0de Resistencias Mar del Plata est\u00e1n dise\u00f1ados para evitar la congelaci\u00f3n de los marcos en c\u00e1maras frigor\u00edficas, t\u00faneles de congelado y salas de procesamiento. Su funci\u00f3n es alimentar el sistema calefactor del marco, asegurando que la puerta pueda abrir y cerrar sin generar hielo, garantizando continuidad operativa en cualquier condici\u00f3n.<\/p>\n<p data-start=\"752\" data-end=\"910\">Fabricados 100% en Argentina, con ingenier\u00eda robusta y confiable, estos equipos se dise\u00f1an a medida seg\u00fan el tama\u00f1o del marco y las exigencias de cada planta.<\/p>\n<p data-start=\"912\" data-end=\"998\">Construidos para trabajar 24\/7 en ambientes con humedad, agua y temperaturas extremas<\/p>","protected":false},"excerpt":{"rendered":"<p class=\"cvGsUA direction-ltr align-start para-style-body\"><span class=\"a_GcMg font-feature-liga-off font-feature-clig-off font-feature-calt-off text-decoration-none text-strikethrough-none\">Especificaciones T\u00e9cnicas:<\/span><\/p>\n<p class=\"cvGsUA direction-ltr align-start para-style-body\"><span class=\"a_GcMg font-feature-liga-off font-feature-clig-off font-feature-calt-off text-decoration-none text-strikethrough-none\">Marca:<\/span><span class=\"a_GcMg font-feature-liga-off font-feature-clig-off font-feature-calt-off text-decoration-none text-strikethrough-none\"> Resistencias Mar del Plata<\/span><\/p>\n<p class=\"cvGsUA direction-ltr align-start para-style-body\"><span class=\"a_GcMg font-feature-liga-off font-feature-clig-off font-feature-calt-off text-decoration-none text-strikethrough-none\">Aplicaci\u00f3n: <\/span><span class=\"a_GcMg font-feature-liga-off font-feature-clig-off font-feature-calt-off text-decoration-none text-strikethrough-none\">Instalaciones Industriales &#8211; C\u00e1maras Frigor\u00edficas<\/span><\/p>\n<p class=\"cvGsUA direction-ltr align-start para-style-body\"><span class=\"a_GcMg font-feature-liga-off font-feature-clig-off font-feature-calt-off text-decoration-none text-strikethrough-none\">Material: <\/span><span class=\"a_GcMg font-feature-liga-off font-feature-clig-off font-feature-calt-off text-decoration-none text-strikethrough-none\">Acero Inoxidable AISI 304<\/span><\/p>\n<p class=\"cvGsUA direction-ltr align-start para-style-body\"><span class=\"a_GcMg font-feature-liga-off font-feature-clig-off font-feature-calt-off text-decoration-none text-strikethrough-none\">Aislaci\u00f3n:<\/span><span class=\"a_GcMg font-feature-liga-off font-feature-clig-off font-feature-calt-off text-decoration-none text-strikethrough-none\"> Resina Diel\u00e9ctrica<\/span><\/p>\n<p class=\"cvGsUA direction-ltr align-start para-style-body\"><span class=\"a_GcMg font-feature-liga-off font-feature-clig-off font-feature-calt-off text-decoration-none text-strikethrough-none\">Llave de Encendido: <\/span><span class=\"a_GcMg font-feature-liga-off font-feature-clig-off font-feature-calt-off text-decoration-none text-strikethrough-none\">Incorporada<\/span><\/p>\n<p class=\"cvGsUA direction-ltr align-start para-style-body\"><span class=\"a_GcMg font-feature-liga-off font-feature-clig-off font-feature-calt-off text-decoration-none text-strikethrough-none\">Alimentaci\u00f3n:<\/span><span class=\"a_GcMg font-feature-liga-off font-feature-clig-off font-feature-calt-off text-decoration-none text-strikethrough-none\"> 220V, cable de tipo taller siliconado<\/span><\/p>\n<p class=\"cvGsUA direction-ltr align-start para-style-body\"><span class=\"a_GcMg font-feature-liga-off font-feature-clig-off font-feature-calt-off text-decoration-none text-strikethrough-none\">Anclaje: <\/span><span class=\"a_GcMg font-feature-liga-off font-feature-clig-off font-feature-calt-off text-decoration-none text-strikethrough-none\">Patas de Cobre para contacto directo con el marco<\/span><\/p>\n<p class=\"cvGsUA direction-ltr align-start para-style-body\"><span class=\"a_GcMg font-feature-liga-off font-feature-clig-off font-feature-calt-off text-decoration-none text-strikethrough-none\">Fusible de seguridad:<\/span><span class=\"a_GcMg font-feature-liga-off font-feature-clig-off font-feature-calt-off text-decoration-none text-strikethrough-none\"> Protecci\u00f3n contra cortocircuitos y exceso de corriente<\/span><\/p>\n<p class=\"cvGsUA direction-ltr align-start para-style-body\"><span class=\"a_GcMg font-feature-liga-off font-feature-clig-off font-feature-calt-off text-decoration-none text-strikethrough-none\">Capacidad de carga: <\/span><span class=\"a_GcMg font-feature-liga-off font-feature-clig-off font-feature-calt-off text-decoration-none text-strikethrough-none\">Dise\u00f1ado para marcos de 9 Metros<\/span><\/p>\n<p>De f\u00e1cil instalaci\u00f3n y r\u00e1pida respuesta.<\/p>","protected":false},"featured_media":28598,"comment_status":"open","ping_status":"closed","template":"","meta":[],"product_brand":[],"product_cat":[478],"product_tag":[481,479],"class_list":{"0":"post-28606","1":"product","2":"type-product","3":"status-publish","4":"has-post-thumbnail","6":"product_cat-transformadores-de-puerta-de-camara","7":"product_tag-9-metros","8":"product_tag-transformador-de-puerta-de-camara","10":"first","11":"instock","12":"taxable","13":"shipping-taxable","14":"purchasable","15":"product-type-simple"},"jetpack_sharing_enabled":true,"_links":{"self":[{"href":"https:\/\/resistenciasmdp.com\/en\/wp-json\/wp\/v2\/product\/28606","targetHints":{"allow":["GET"]}}],"collection":[{"href":"https:\/\/resistenciasmdp.com\/en\/wp-json\/wp\/v2\/product"}],"about":[{"href":"https:\/\/resistenciasmdp.com\/en\/wp-json\/wp\/v2\/types\/product"}],"replies":[{"embeddable":true,"href":"https:\/\/resistenciasmdp.com\/en\/wp-json\/wp\/v2\/comments?post=28606"}],"version-history":[{"count":2,"href":"https:\/\/resistenciasmdp.com\/en\/wp-json\/wp\/v2\/product\/28606\/revisions"}],"predecessor-version":[{"id":28610,"href":"https:\/\/resistenciasmdp.com\/en\/wp-json\/wp\/v2\/product\/28606\/revisions\/28610"}],"wp:featuredmedia":[{"embeddable":true,"href":"https:\/\/resistenciasmdp.com\/en\/wp-json\/wp\/v2\/media\/28598"}],"wp:attachment":[{"href":"https:\/\/resistenciasmdp.com\/en\/wp-json\/wp\/v2\/media?parent=28606"}],"wp:term":[{"taxonomy":"product_brand","embeddable":true,"href":"https:\/\/resistenciasmdp.com\/en\/wp-json\/wp\/v2\/product_brand?post=28606"},{"taxonomy":"product_cat","embeddable":true,"href":"https:\/\/resistenciasmdp.com\/en\/wp-json\/wp\/v2\/product_cat?post=28606"},{"taxonomy":"product_tag","embeddable":true,"href":"https:\/\/resistenciasmdp.com\/en\/wp-json\/wp\/v2\/product_tag?post=28606"}],"curies":[{"name":"wp","href":"https:\/\/api.w.org\/{rel}","templated":true}]}}