{"id":28588,"date":"2026-04-07T09:40:52","date_gmt":"2026-04-07T12:40:52","guid":{"rendered":"https:\/\/resistenciasmdp.com\/?post_type=product&#038;p=28588"},"modified":"2026-04-08T12:45:27","modified_gmt":"2026-04-08T15:45:27","slug":"calefactor-electrico-para-tableros-100w-220v","status":"publish","type":"product","link":"https:\/\/resistenciasmdp.com\/en\/product\/calefactor-electrico-para-tableros-100w-220v\/","title":{"rendered":"Calefactor el\u00e9ctrico para tableros 100W 220V"},"content":{"rendered":"","protected":false},"excerpt":{"rendered":"<p>CALENTADOR DE TABLEROS ELECTRICOS.<\/p>\n<p>Se emplean para garantizar una temperatura m\u00ednima y homog\u00e9nea o para prevenir la formaci\u00f3n de condensaci\u00f3n<\/p>\n<p>Armada en Chapa Negra, pintada con pintura epoxi de alta temperatura<\/p>\n<p>Resistencia blindad de acero inoxidable<\/p>\n<p>Bornera de porcelana aislada y patas anti vibratorias de goma<\/p>\n<p>De f\u00e1cil instalaci\u00f3n y r\u00e1pida respuesta.<\/p>","protected":false},"featured_media":28590,"comment_status":"open","ping_status":"closed","template":"","meta":[],"product_brand":[],"product_cat":[477,476],"product_tag":[475,483],"class_list":{"0":"post-28588","1":"product","2":"type-product","3":"status-publish","4":"has-post-thumbnail","6":"product_cat-calefactor-electrico-para-tableros","7":"product_cat-calentador-de-tablero","8":"product_tag-1500w","9":"product_tag-calentador-de-tablero","11":"first","12":"instock","13":"sale","14":"taxable","15":"shipping-taxable","16":"purchasable","17":"product-type-simple"},"jetpack_sharing_enabled":true,"_links":{"self":[{"href":"https:\/\/resistenciasmdp.com\/en\/wp-json\/wp\/v2\/product\/28588","targetHints":{"allow":["GET"]}}],"collection":[{"href":"https:\/\/resistenciasmdp.com\/en\/wp-json\/wp\/v2\/product"}],"about":[{"href":"https:\/\/resistenciasmdp.com\/en\/wp-json\/wp\/v2\/types\/product"}],"replies":[{"embeddable":true,"href":"https:\/\/resistenciasmdp.com\/en\/wp-json\/wp\/v2\/comments?post=28588"}],"version-history":[{"count":3,"href":"https:\/\/resistenciasmdp.com\/en\/wp-json\/wp\/v2\/product\/28588\/revisions"}],"predecessor-version":[{"id":28593,"href":"https:\/\/resistenciasmdp.com\/en\/wp-json\/wp\/v2\/product\/28588\/revisions\/28593"}],"wp:featuredmedia":[{"embeddable":true,"href":"https:\/\/resistenciasmdp.com\/en\/wp-json\/wp\/v2\/media\/28590"}],"wp:attachment":[{"href":"https:\/\/resistenciasmdp.com\/en\/wp-json\/wp\/v2\/media?parent=28588"}],"wp:term":[{"taxonomy":"product_brand","embeddable":true,"href":"https:\/\/resistenciasmdp.com\/en\/wp-json\/wp\/v2\/product_brand?post=28588"},{"taxonomy":"product_cat","embeddable":true,"href":"https:\/\/resistenciasmdp.com\/en\/wp-json\/wp\/v2\/product_cat?post=28588"},{"taxonomy":"product_tag","embeddable":true,"href":"https:\/\/resistenciasmdp.com\/en\/wp-json\/wp\/v2\/product_tag?post=28588"}],"curies":[{"name":"wp","href":"https:\/\/api.w.org\/{rel}","templated":true}]}}