{"id":28584,"date":"2026-04-07T09:25:56","date_gmt":"2026-04-07T12:25:56","guid":{"rendered":"https:\/\/resistenciasmdp.com\/?post_type=product&#038;p=28584"},"modified":"2026-04-07T09:40:20","modified_gmt":"2026-04-07T12:40:20","slug":"estufa-electrica-para-camarote-220v-1500w-calefacciona-12-m2-fabricada-en-acero-inoxidable","status":"publish","type":"product","link":"https:\/\/resistenciasmdp.com\/en\/product\/estufa-electrica-para-camarote-220v-1500w-calefacciona-12-m2-fabricada-en-acero-inoxidable\/","title":{"rendered":"Estufa el\u00e9ctrica para CAMAROTE 220V \/\/ 1500w \/\/ Calefacciona 12 m2 Fabricada en acero inoxidable"},"content":{"rendered":"<p class=\"cvGsUA direction-ltr align-start para-style-body\"><span class=\"a_GcMg font-feature-liga-off font-feature-clig-off font-feature-calt-off text-decoration-none text-strikethrough-none\">Con m\u00e1s de 26 a\u00f1os en el mercado, sigue siendo el elemento calefactor m\u00e1s elegido y utilizado en la industria naval para calefacci\u00f3n de camarotes individuales.<\/span><\/p>\n<p>Utilizada en Camarotes y buques navales, es ideal para habitaci\u00f3n 10 a 12 m2<\/p>\n<p>&nbsp;<\/p>\n<p>&nbsp;<\/p>","protected":false},"excerpt":{"rendered":"<p class=\"cvGsUA direction-ltr align-start para-style-body\"><span class=\"a_GcMg font-feature-liga-off font-feature-clig-off font-feature-calt-off text-decoration-none text-strikethrough-none\">De uso dom\u00e9stico, comercial y naval:<\/span><\/p>\n<p class=\"cvGsUA direction-ltr align-start para-style-body\"><span class=\"a_GcMg font-feature-liga-off font-feature-clig-off font-feature-calt-off text-decoration-none text-strikethrough-none\">\u2713 Sistema de resistencia blindada aletada<\/span><\/p>\n<p class=\"cvGsUA direction-ltr align-start para-style-body\"><span class=\"a_GcMg font-feature-liga-off font-feature-clig-off font-feature-calt-off text-decoration-none text-strikethrough-none\">\u2713 Utilizada en Camarotes y buques navales, es ideal para habitaci\u00f3n 8 a 10 m2<\/span><\/p>\n<p><span class=\"a_GcMg font-feature-liga-off font-feature-clig-off font-feature-calt-off text-decoration-none text-strikethrough-none\">Armada en acero Inox 304<\/span><\/p>\n<p><span class=\"a_GcMg font-feature-liga-off font-feature-clig-off font-feature-calt-off text-decoration-none text-strikethrough-none\">Medidas mm: 200 x 500 x100<\/span><\/p>\n<p class=\"cvGsUA direction-ltr align-start para-style-body\"><span class=\"a_GcMg font-feature-liga-off font-feature-clig-off font-feature-calt-off text-decoration-none text-strikethrough-none\">Potencia<\/span><span class=\"a_GcMg font-feature-liga-off font-feature-clig-off font-feature-calt-off text-decoration-none text-strikethrough-none\">\u00a01500w 220v<\/span><\/p>\n<p><span class=\"a_GcMg font-feature-liga-off font-feature-clig-off font-feature-calt-off text-decoration-none text-strikethrough-none\">Resistencias Blindadas Helicoidal<\/span><\/p>","protected":false},"featured_media":28576,"comment_status":"open","ping_status":"closed","template":"","meta":[],"product_brand":[],"product_cat":[467,429],"product_tag":[475,474,472,471],"class_list":{"0":"post-28584","1":"product","2":"type-product","3":"status-publish","4":"has-post-thumbnail","6":"product_cat-estufas-y-paneles","7":"product_cat-generadores-de-aire-caliente-estufas-y-secabotas","8":"product_tag-1500w","9":"product_tag-calefaccion-de-barcos","10":"product_tag-estufas-electricas","11":"product_tag-estufas-para-barcos","13":"first","14":"instock","15":"sale","16":"taxable","17":"shipping-taxable","18":"purchasable","19":"product-type-simple"},"jetpack_sharing_enabled":true,"_links":{"self":[{"href":"https:\/\/resistenciasmdp.com\/en\/wp-json\/wp\/v2\/product\/28584","targetHints":{"allow":["GET"]}}],"collection":[{"href":"https:\/\/resistenciasmdp.com\/en\/wp-json\/wp\/v2\/product"}],"about":[{"href":"https:\/\/resistenciasmdp.com\/en\/wp-json\/wp\/v2\/types\/product"}],"replies":[{"embeddable":true,"href":"https:\/\/resistenciasmdp.com\/en\/wp-json\/wp\/v2\/comments?post=28584"}],"version-history":[{"count":1,"href":"https:\/\/resistenciasmdp.com\/en\/wp-json\/wp\/v2\/product\/28584\/revisions"}],"predecessor-version":[{"id":28587,"href":"https:\/\/resistenciasmdp.com\/en\/wp-json\/wp\/v2\/product\/28584\/revisions\/28587"}],"wp:featuredmedia":[{"embeddable":true,"href":"https:\/\/resistenciasmdp.com\/en\/wp-json\/wp\/v2\/media\/28576"}],"wp:attachment":[{"href":"https:\/\/resistenciasmdp.com\/en\/wp-json\/wp\/v2\/media?parent=28584"}],"wp:term":[{"taxonomy":"product_brand","embeddable":true,"href":"https:\/\/resistenciasmdp.com\/en\/wp-json\/wp\/v2\/product_brand?post=28584"},{"taxonomy":"product_cat","embeddable":true,"href":"https:\/\/resistenciasmdp.com\/en\/wp-json\/wp\/v2\/product_cat?post=28584"},{"taxonomy":"product_tag","embeddable":true,"href":"https:\/\/resistenciasmdp.com\/en\/wp-json\/wp\/v2\/product_tag?post=28584"}],"curies":[{"name":"wp","href":"https:\/\/api.w.org\/{rel}","templated":true}]}}