{"id":28517,"date":"2026-03-30T14:19:13","date_gmt":"2026-03-30T17:19:13","guid":{"rendered":"https:\/\/resistenciasmdp.com\/?post_type=product&#038;p=28517"},"modified":"2026-03-30T14:36:55","modified_gmt":"2026-03-30T17:36:55","slug":"caloventor-electrico-de-conductos-15kw","status":"publish","type":"product","link":"https:\/\/resistenciasmdp.com\/en\/product\/caloventor-electrico-de-conductos-15kw\/","title":{"rendered":"CALOVENTOR EL\u00c9CTRICO DE CONDUCTOS 15KW"},"content":{"rendered":"<p><span class=\"a_GcMg font-feature-liga-off font-feature-clig-off font-feature-calt-off text-decoration-none text-strikethrough-none\">Motor Blindado.<\/span><\/p>\n<p><span class=\"a_GcMg font-feature-liga-off font-feature-clig-off font-feature-calt-off text-decoration-none text-strikethrough-none\">Medidas mm: 1100 x 350<\/span><\/p>\n<p><span class=\"a_GcMg font-feature-liga-off font-feature-clig-off font-feature-calt-off text-decoration-none text-strikethrough-none\">Resistencias Blindadas Helicoidal<\/span><\/p>\n<p class=\"cvGsUA direction-ltr align-center para-style-body\"><span class=\"a_GcMg font-feature-liga-off font-feature-clig-off font-feature-calt-off text-decoration-none text-strikethrough-none\">Potencia <\/span><span class=\"a_GcMg font-feature-liga-off font-feature-clig-off font-feature-calt-off text-decoration-none text-strikethrough-none\">Total<\/span> <span class=\"a_GcMg font-feature-liga-off font-feature-clig-off font-feature-calt-off text-decoration-none text-strikethrough-none\">kw 15 380V<\/span><\/p>","protected":false},"excerpt":{"rendered":"<p><span class=\"a_GcMg font-feature-liga-off font-feature-clig-off font-feature-calt-off text-decoration-none text-strikethrough-none\">Motor centr\u00edfugo de uso continuo a turbina. Armado en chapa negra y pintado epoxi. Banco de resistencias aislado con manta cer\u00e1mica. Doble tapa. Chasis con sistema de sujeci\u00f3n con tacos de goma anti vibratorio. Tablero de control y automatizaci\u00f3n incorporado. Control de lectura y temperatura digital.<\/span><\/p>","protected":false},"featured_media":28518,"comment_status":"open","ping_status":"closed","template":"","meta":[],"product_brand":[],"product_cat":[456],"product_tag":[455,443,438,457,439,440,442],"class_list":{"0":"post-28517","1":"product","2":"type-product","3":"status-publish","4":"has-post-thumbnail","6":"product_cat-caloventor-de-conducto","7":"product_tag-455","8":"product_tag-380v","9":"product_tag-caloventor","10":"product_tag-caloventor-de-conducto","11":"product_tag-caloventor-electrico","12":"product_tag-caloventor-electrico-industrial","13":"product_tag-trifasico","15":"first","16":"instock","17":"taxable","18":"shipping-taxable","19":"purchasable","20":"product-type-simple"},"jetpack_sharing_enabled":true,"_links":{"self":[{"href":"https:\/\/resistenciasmdp.com\/en\/wp-json\/wp\/v2\/product\/28517","targetHints":{"allow":["GET"]}}],"collection":[{"href":"https:\/\/resistenciasmdp.com\/en\/wp-json\/wp\/v2\/product"}],"about":[{"href":"https:\/\/resistenciasmdp.com\/en\/wp-json\/wp\/v2\/types\/product"}],"replies":[{"embeddable":true,"href":"https:\/\/resistenciasmdp.com\/en\/wp-json\/wp\/v2\/comments?post=28517"}],"version-history":[{"count":3,"href":"https:\/\/resistenciasmdp.com\/en\/wp-json\/wp\/v2\/product\/28517\/revisions"}],"predecessor-version":[{"id":28534,"href":"https:\/\/resistenciasmdp.com\/en\/wp-json\/wp\/v2\/product\/28517\/revisions\/28534"}],"wp:featuredmedia":[{"embeddable":true,"href":"https:\/\/resistenciasmdp.com\/en\/wp-json\/wp\/v2\/media\/28518"}],"wp:attachment":[{"href":"https:\/\/resistenciasmdp.com\/en\/wp-json\/wp\/v2\/media?parent=28517"}],"wp:term":[{"taxonomy":"product_brand","embeddable":true,"href":"https:\/\/resistenciasmdp.com\/en\/wp-json\/wp\/v2\/product_brand?post=28517"},{"taxonomy":"product_cat","embeddable":true,"href":"https:\/\/resistenciasmdp.com\/en\/wp-json\/wp\/v2\/product_cat?post=28517"},{"taxonomy":"product_tag","embeddable":true,"href":"https:\/\/resistenciasmdp.com\/en\/wp-json\/wp\/v2\/product_tag?post=28517"}],"curies":[{"name":"wp","href":"https:\/\/api.w.org\/{rel}","templated":true}]}}