{"id":28513,"date":"2026-03-30T11:49:32","date_gmt":"2026-03-30T14:49:32","guid":{"rendered":"https:\/\/resistenciasmdp.com\/?post_type=product&#038;p=28513"},"modified":"2026-03-30T12:32:49","modified_gmt":"2026-03-30T15:32:49","slug":"caloventor-trifasico-12-kw-inox-380v-calefacciona-hasta-240-m3","status":"publish","type":"product","link":"https:\/\/resistenciasmdp.com\/en\/product\/caloventor-trifasico-12-kw-inox-380v-calefacciona-hasta-240-m3\/","title":{"rendered":"CALOVENTOR TRIFASICO 12 KW INOX | 380V | CALEFACCIONA HASTA 240 m3 |"},"content":{"rendered":"<p>Una soluci\u00f3n segura para la calefacci\u00f3n de grandes \u00e1reas.<br \/>\nTecnolog\u00eda aplicable a las distintas industrias, como por ejemplo:<br \/>\n\u2713 Industria minera, petrolera y naval.<br \/>\n\u2713 Cultivos intensivos e invernaderos.<br \/>\n\u2713 Crianza de animales y aves.<br \/>\n\u2713 Construcci\u00f3n y secado de obra.<br \/>\n\u2713 Salones y carpas de eventos sociales.<br \/>\n\u2713 En las naves industriales para puestos de trabajo.<\/p>","protected":false},"excerpt":{"rendered":"<p>Construido \u00edntegramente en Acero Inoxidable Cal 304<\/p>\n<p>Motor blindado 1\/4HP \/ 2950rpm<\/p>\n<p>Instalaci\u00f3n: Permite colgarlo del techo y orientarlo 360\u00ba<\/p>\n<p>Potencia 12kw (12000wats) \/ Voltaje: 380v<\/p>","protected":false},"featured_media":28505,"comment_status":"open","ping_status":"closed","template":"","meta":[],"product_brand":[],"product_cat":[429],"product_tag":[443,453,438,439,440,442],"class_list":{"0":"post-28513","1":"product","2":"type-product","3":"status-publish","4":"has-post-thumbnail","6":"product_cat-generadores-de-aire-caliente-estufas-y-secabotas","7":"product_tag-380v","8":"product_tag-9000w","9":"product_tag-caloventor","10":"product_tag-caloventor-electrico","11":"product_tag-caloventor-electrico-industrial","12":"product_tag-trifasico","14":"first","15":"instock","16":"sale","17":"taxable","18":"shipping-taxable","19":"purchasable","20":"product-type-simple"},"jetpack_sharing_enabled":true,"_links":{"self":[{"href":"https:\/\/resistenciasmdp.com\/en\/wp-json\/wp\/v2\/product\/28513","targetHints":{"allow":["GET"]}}],"collection":[{"href":"https:\/\/resistenciasmdp.com\/en\/wp-json\/wp\/v2\/product"}],"about":[{"href":"https:\/\/resistenciasmdp.com\/en\/wp-json\/wp\/v2\/types\/product"}],"replies":[{"embeddable":true,"href":"https:\/\/resistenciasmdp.com\/en\/wp-json\/wp\/v2\/comments?post=28513"}],"version-history":[{"count":1,"href":"https:\/\/resistenciasmdp.com\/en\/wp-json\/wp\/v2\/product\/28513\/revisions"}],"predecessor-version":[{"id":28514,"href":"https:\/\/resistenciasmdp.com\/en\/wp-json\/wp\/v2\/product\/28513\/revisions\/28514"}],"wp:featuredmedia":[{"embeddable":true,"href":"https:\/\/resistenciasmdp.com\/en\/wp-json\/wp\/v2\/media\/28505"}],"wp:attachment":[{"href":"https:\/\/resistenciasmdp.com\/en\/wp-json\/wp\/v2\/media?parent=28513"}],"wp:term":[{"taxonomy":"product_brand","embeddable":true,"href":"https:\/\/resistenciasmdp.com\/en\/wp-json\/wp\/v2\/product_brand?post=28513"},{"taxonomy":"product_cat","embeddable":true,"href":"https:\/\/resistenciasmdp.com\/en\/wp-json\/wp\/v2\/product_cat?post=28513"},{"taxonomy":"product_tag","embeddable":true,"href":"https:\/\/resistenciasmdp.com\/en\/wp-json\/wp\/v2\/product_tag?post=28513"}],"curies":[{"name":"wp","href":"https:\/\/api.w.org\/{rel}","templated":true}]}}