{"id":1608,"date":"2026-03-18T20:20:35","date_gmt":"2026-03-18T19:20:35","guid":{"rendered":"https:\/\/resistenciasmdp.com\/?page_id=1608"},"modified":"2026-04-07T14:04:39","modified_gmt":"2026-04-07T17:04:39","slug":"catalogo-2026","status":"publish","type":"page","link":"https:\/\/resistenciasmdp.com\/en\/catalogo-2026\/","title":{"rendered":"CATALOGO 2026"},"content":{"rendered":"<div data-elementor-type=\"wp-page\" data-elementor-id=\"1608\" class=\"elementor elementor-1608\" data-elementor-post-type=\"page\">\n\t\t\t\t<div class=\"wd-negative-gap elementor-element elementor-element-c9e2976 e-flex e-con-boxed e-con e-parent\" data-id=\"c9e2976\" data-element_type=\"container\">\n\t\t\t\t\t<div class=\"e-con-inner\">\n\t\t<div class=\"elementor-element elementor-element-687f0cd e-con-full e-flex e-con e-child\" data-id=\"687f0cd\" data-element_type=\"container\">\n\t\t\t\t<\/div>\n\t\t<div class=\"elementor-element elementor-element-51a1e17 e-con-full e-flex e-con e-child\" data-id=\"51a1e17\" data-element_type=\"container\">\n\t\t\t\t<div class=\"elementor-element elementor-element-4754b30 elementor-widget elementor-widget-wd_image_or_svg\" data-id=\"4754b30\" data-element_type=\"widget\" data-widget_type=\"wd_image_or_svg.default\">\n\t\t\t\t<div class=\"elementor-widget-container\">\n\t\t\t\t\t\n\t\t<div class=\"wd-image text-center\">\n\t\t\t\t\t\t\t<a  href=\"https:\/\/resistenciasmdp.com\/wp-content\/uploads\/2026\/03\/CATALOGO-COMPLETO-2026-RESISTENCIAS-MAR-DEL-PLATA-EN-ALTA-BAJA-EMAIL.pdf\" aria-label=\"Image link\">\n\t\t\t\t\t\t\t\t<img fetchpriority=\"high\" decoding=\"async\" width=\"1414\" height=\"2000\" src=\"https:\/\/resistenciasmdp.com\/wp-content\/uploads\/2026\/03\/1.png\" class=\"attachment-full size-full\" alt=\"\" srcset=\"https:\/\/resistenciasmdp.com\/wp-content\/uploads\/2026\/03\/1.png 1414w, https:\/\/resistenciasmdp.com\/wp-content\/uploads\/2026\/03\/1-430x608.png 430w, https:\/\/resistenciasmdp.com\/wp-content\/uploads\/2026\/03\/1-150x212.png 150w, https:\/\/resistenciasmdp.com\/wp-content\/uploads\/2026\/03\/1-700x990.png 700w, https:\/\/resistenciasmdp.com\/wp-content\/uploads\/2026\/03\/1-212x300.png 212w, https:\/\/resistenciasmdp.com\/wp-content\/uploads\/2026\/03\/1-724x1024.png 724w, https:\/\/resistenciasmdp.com\/wp-content\/uploads\/2026\/03\/1-768x1086.png 768w, https:\/\/resistenciasmdp.com\/wp-content\/uploads\/2026\/03\/1-1086x1536.png 1086w\" sizes=\"(max-width: 1414px) 100vw, 1414px\" \/>\t\t\t\t\t\t\t<\/a>\n\t\t\t\t\t<\/div>\n\n\t\t\t\t\t\t<\/div>\n\t\t\t\t<\/div>\n\t\t\t\t<div class=\"elementor-element elementor-element-2d41c23 elementor-widget elementor-widget-wd_button\" data-id=\"2d41c23\" data-element_type=\"widget\" data-widget_type=\"wd_button.default\">\n\t\t\t\t<div class=\"elementor-widget-container\">\n\t\t\t\t\t\t\t<div class=\"wd-button-wrapper text-center\" >\n\t\t\t<a class=\"btn btn-style-bordered btn-shape-rectangle btn-size-extra-large btn-color-black btn-icon-pos-right\"  href=\"https:\/\/resistenciasmdp.com\/wp-content\/uploads\/2026\/03\/CATALOGO-COMPLETO-2026-RESISTENCIAS-MAR-DEL-PLATA-EN-ALTA-BAJA-EMAIL.pdf\">\n\t\t\t\t<span class=\"wd-btn-text\" data-elementor-setting-key=\"text\">\n\t\t\t\t\tDescarg\u00e1 el cat\u00e1logo completo 2026\t\t\t\t<\/span>\n\n\t\t\t\t\t\t\t<\/a>\n\t\t<\/div>\n\t\t\t\t\t\t<\/div>\n\t\t\t\t<\/div>\n\t\t\t\t<div class=\"elementor-element elementor-element-be0fff2 elementor-widget elementor-widget-wd_infobox\" data-id=\"be0fff2\" data-element_type=\"widget\" data-widget_type=\"wd_infobox.default\">\n\t\t\t\t<div class=\"elementor-widget-container\">\n\t\t\t\t\t\t\t<div class=\"info-box-wrapper\">\n\t\t\t<div class=\"wd-info-box text-center box-icon-align-right box-style-base color-scheme- wd-items-bottom\">\n\t\t\t\t\n\t\t\t\t<div class=\"info-box-content\">\n\t\t\t\t\t\n\t\t\t\t\t\t\t\t\t\t\t<h4\t\t\t\t\t\tclass=\"info-box-title title box-title-style-default wd-fontsize-m\" data-elementor-setting-key=\"title\">\n\t\t\t\t\t\t\t\tConoc\u00e9 toda nuestra l\u00ednea de productos industriales y navales.\t\t\t\t\t\t<\/h4>\n\t\t\t\t\t\n\t\t\t\t\t<div class=\"info-box-inner reset-last-child\"data-elementor-setting-key=\"content\"><p>M\u00e1s de 26 a\u00f1os de experiencia, certificaci\u00f3n ISO 9001 y certificaci\u00f3n el\u00e9ctrica.<br data-start=\"174\" data-end=\"177\" \/>Soluciones el\u00e9ctricas confiables y duraderas para industria, naval y aplicaciones exigentes.<\/p>\n<\/div>\n\n\t\t\t\t\t\t\t\t\t<\/div>\n\n\t\t\t\t\t\t\t<\/div>\n\t\t<\/div>\n\t\t\t\t\t\t<\/div>\n\t\t\t\t<\/div>\n\t\t\t\t<\/div>\n\t\t<div class=\"elementor-element elementor-element-d16615b e-con-full e-flex e-con e-child\" data-id=\"d16615b\" data-element_type=\"container\">\n\t\t\t\t<\/div>\n\t\t\t\t\t<\/div>\n\t\t\t\t<\/div>\n\t\t\t\t<\/div>","protected":false},"excerpt":{"rendered":"<p>Descarg\u00e1 el cat\u00e1logo completo 2026 Conoc\u00e9 toda nuestra l\u00ednea de productos industriales y navales. M\u00e1s de 26 a\u00f1os de experiencia,<\/p>","protected":false},"author":1,"featured_media":0,"parent":0,"menu_order":0,"comment_status":"closed","ping_status":"closed","template":"elementor_header_footer","meta":{"footnotes":""},"class_list":["post-1608","page","type-page","status-publish","hentry"],"_hostinger_reach_plugin_has_subscription_block":false,"_hostinger_reach_plugin_is_elementor":false,"jetpack_sharing_enabled":true,"_links":{"self":[{"href":"https:\/\/resistenciasmdp.com\/en\/wp-json\/wp\/v2\/pages\/1608","targetHints":{"allow":["GET"]}}],"collection":[{"href":"https:\/\/resistenciasmdp.com\/en\/wp-json\/wp\/v2\/pages"}],"about":[{"href":"https:\/\/resistenciasmdp.com\/en\/wp-json\/wp\/v2\/types\/page"}],"author":[{"embeddable":true,"href":"https:\/\/resistenciasmdp.com\/en\/wp-json\/wp\/v2\/users\/1"}],"replies":[{"embeddable":true,"href":"https:\/\/resistenciasmdp.com\/en\/wp-json\/wp\/v2\/comments?post=1608"}],"version-history":[{"count":19,"href":"https:\/\/resistenciasmdp.com\/en\/wp-json\/wp\/v2\/pages\/1608\/revisions"}],"predecessor-version":[{"id":28679,"href":"https:\/\/resistenciasmdp.com\/en\/wp-json\/wp\/v2\/pages\/1608\/revisions\/28679"}],"wp:attachment":[{"href":"https:\/\/resistenciasmdp.com\/en\/wp-json\/wp\/v2\/media?parent=1608"}],"curies":[{"name":"wp","href":"https:\/\/api.w.org\/{rel}","templated":true}]}}